{"id":28375,"date":"2026-02-26T10:24:26","date_gmt":"2026-02-26T08:24:26","guid":{"rendered":"https:\/\/www.idiliapsicologia.com\/serveis\/"},"modified":"2026-02-27T14:46:39","modified_gmt":"2026-02-27T12:46:39","slug":"servicios","status":"publish","type":"page","link":"https:\/\/www.idiliapsicologia.com\/es\/servicios\/","title":{"rendered":"Servicios"},"content":{"rendered":"\t\t<div data-elementor-type=\"wp-page\" data-elementor-id=\"28375\" class=\"elementor elementor-28375 elementor-28019\">\n\t\t\t\t\t\t<section class=\"elementor-section elementor-top-section elementor-element elementor-element-519d9d0 elementor-section-boxed elementor-section-height-default elementor-section-height-default sc_fly_static\" data-id=\"519d9d0\" data-element_type=\"section\" data-e-type=\"section\">\n\t\t\t\t\t\t<div class=\"elementor-container elementor-column-gap-extended\">\n\t\t\t\t\t<div class=\"elementor-column elementor-col-100 elementor-top-column elementor-element elementor-element-7817425 sc_content_align_inherit sc_layouts_column_icons_position_left sc_fly_static\" data-id=\"7817425\" data-element_type=\"column\" data-e-type=\"column\">\n\t\t\t<div class=\"elementor-widget-wrap elementor-element-populated\">\n\t\t\t\t\t\t<div class=\"elementor-element elementor-element-f706f3b sc_height_huge sc_fly_static elementor-widget elementor-widget-spacer\" data-id=\"f706f3b\" data-element_type=\"widget\" data-e-type=\"widget\" data-widget_type=\"spacer.default\">\n\t\t\t\t<div class=\"elementor-widget-container\">\n\t\t\t\t\t\t\t<div class=\"elementor-spacer\">\n\t\t\t<div class=\"elementor-spacer-inner\"><\/div>\n\t\t<\/div>\n\t\t\t\t\t\t<\/div>\n\t\t\t\t<\/div>\n\t\t\t\t<div class=\"elementor-element elementor-element-be39e66 sc_fly_static elementor-widget elementor-widget-spacer\" data-id=\"be39e66\" data-element_type=\"widget\" data-e-type=\"widget\" data-widget_type=\"spacer.default\">\n\t\t\t\t<div class=\"elementor-widget-container\">\n\t\t\t\t\t\t\t<div class=\"elementor-spacer\">\n\t\t\t<div class=\"elementor-spacer-inner\"><\/div>\n\t\t<\/div>\n\t\t\t\t\t\t<\/div>\n\t\t\t\t<\/div>\n\t\t\t\t<div class=\"elementor-element elementor-element-825d4d3 sc_fly_static elementor-widget elementor-widget-trx_sc_icons\" data-id=\"825d4d3\" data-element_type=\"widget\" data-e-type=\"widget\" data-widget_type=\"trx_sc_icons.default\">\n\t\t\t\t<div class=\"elementor-widget-container\">\n\t\t\t\t\t<div \tclass=\"sc_icons sc_icons_number sc_icons_size_small sc_align_none\" ><div class=\"sc_icons_columns_wrap sc_item_columns trx_addons_columns_wrap columns_padding_bottom columns_in_single_row\" ><div class=\"trx_addons_column-1_3\"><div class=\"sc_icons_item\"><span class=\"sc_icons_item_number\">01<\/span>                <div class=\"sc_icons_item_header\"><div class=\"sc_icons_icon sc_icon_type_ icon-adv-tree\" ><span class=\"sc_icon_type_ icon-adv-tree\"><\/span><\/div><h4 class=\"sc_icons_item_title\"><span>Evaluaci\u00f3n<\/span><\/h4><\/div><div class=\"sc_icons_item_details\"><div class=\"sc_icons_item_description\"><span>Realizamos evaluaciones completas para conocer mejor las capacidades y las necesidades de cada persona. Esto incluye evaluaciones cognitivas, as\u00ed como la detecci\u00f3n de trastornos emocionales, adaptativos y trastornos como TDAH, trastornos de ansiedad y depresi\u00f3n, entre otros.<\/span><\/div><\/div><\/div><\/div><div class=\"trx_addons_column-1_3\"><div class=\"sc_icons_item\"><span class=\"sc_icons_item_number\">02<\/span>                <div class=\"sc_icons_item_header\"><div class=\"sc_icons_icon sc_icon_type_ icon-adv-person\" ><span class=\"sc_icon_type_ icon-adv-person\"><\/span><\/div><h4 class=\"sc_icons_item_title\"><span>Terapia<\/span><\/h4><\/div><div class=\"sc_icons_item_details\"><div class=\"sc_icons_item_description\"><span>Ofrecemos sesiones terap\u00e9uticas para todas las edades, adaptadas a las necesidades individuales:<\/span><span><\/span><span><h6>- Psicolog\u00eda Infantil:<\/h6><\/span><span>Ofrecemos apoyo emocional y conductual en la gesti\u00f3n de las emociones, el desarrollo de las habilidades sociales y procesos como el control de es\ufb01nteros, a la vez que acompa\u00f1amos a las familias con apoyo parental para gestionar la crianza y mejorar la relaci\u00f3n con los hijos. Desde el centro tambi\u00e9n ofrecemos acompa\u00f1amiento psicol\u00f3gico y emocional en adopciones para facilitar la adaptaci\u00f3n y bienestar de los ni\u00f1os y de toda la familia.<\/span><span><\/span><span><h6>- Psicolog\u00eda Juvenil:\u2028<\/h6><\/span><span>Ofrecemos terapia para acompa\u00f1ar a los adolescentes en los retos propios de esta etapa, con un enfoque espec\u00ed\ufb01co para afrontar el estr\u00e9s, la ansiedad, las di\ufb01cultades de relaci\u00f3n y las situaciones familiares, sociales o escolares.<\/span><span><\/span><span><h6>- Psicolog\u00eda para Adultos:\u2028<\/h6><\/span><span>Ofrecemos acompa\u00f1amiento para afrontar procesos de vida, tanto emocionales, mentales, conductuales, laborales, familiares o personales, ya sea por trabajar un tema concreto o por gestionar situaciones m\u00e1s generales.<\/span><\/div><\/div><\/div><\/div><div class=\"trx_addons_column-1_3\"><div class=\"sc_icons_item\"><span class=\"sc_icons_item_number\">03<\/span>                <div class=\"sc_icons_item_header\"><div class=\"sc_icons_icon sc_icon_type_ icon-adv-emotions\" ><span class=\"sc_icon_type_ icon-adv-emotions\"><\/span><\/div><h4 class=\"sc_icons_item_title\"><span>Orientaciones<\/span><\/h4><\/div><div class=\"sc_icons_item_details\"><div class=\"sc_icons_item_description\"><span>Ofrecemos sesiones de orientaci\u00f3n para ayudarte a afrontar situaciones concretas, establecer pautas o recibir recomendaciones pr\u00e1cticas.<\/span><span>Nuestras sesiones pueden ser online o presenciales, con \ufb02exibilidad horaria para adaptarnos a las necesidades de cada persona y familia.<\/span><\/div><\/div><\/div><\/div><\/div><\/div><!-- \/.sc_icons -->\t\t\t\t<\/div>\n\t\t\t\t<\/div>\n\t\t\t\t<div class=\"elementor-element elementor-element-c79e2ef sc_height_huge sc_fly_static elementor-widget elementor-widget-spacer\" data-id=\"c79e2ef\" data-element_type=\"widget\" data-e-type=\"widget\" data-widget_type=\"spacer.default\">\n\t\t\t\t<div class=\"elementor-widget-container\">\n\t\t\t\t\t\t\t<div class=\"elementor-spacer\">\n\t\t\t<div class=\"elementor-spacer-inner\"><\/div>\n\t\t<\/div>\n\t\t\t\t\t\t<\/div>\n\t\t\t\t<\/div>\n\t\t\t\t<div class=\"elementor-element elementor-element-77165c4 sc_fly_static elementor-widget elementor-widget-spacer\" data-id=\"77165c4\" data-element_type=\"widget\" data-e-type=\"widget\" data-widget_type=\"spacer.default\">\n\t\t\t\t<div class=\"elementor-widget-container\">\n\t\t\t\t\t\t\t<div class=\"elementor-spacer\">\n\t\t\t<div class=\"elementor-spacer-inner\"><\/div>\n\t\t<\/div>\n\t\t\t\t\t\t<\/div>\n\t\t\t\t<\/div>\n\t\t\t\t\t<\/div>\n\t\t<\/div>\n\t\t\t\t\t<\/div>\n\t\t<\/section>\n\t\t\t\t<\/div>\n\t\t","protected":false},"excerpt":{"rendered":"<p>01 Evaluaci\u00f3n Realizamos evaluaciones completas para conocer mejor las capacidades y las necesidades de cada persona. Esto incluye evaluaciones cognitivas, as\u00ed como la detecci\u00f3n de trastornos emocionales, adaptativos y trastornos&hellip;<\/p>\n","protected":false},"author":1,"featured_media":0,"parent":0,"menu_order":3,"comment_status":"closed","ping_status":"closed","template":"","meta":{"footnotes":""},"class_list":["post-28375","page","type-page","status-publish","hentry"],"aioseo_notices":[],"_links":{"self":[{"href":"https:\/\/www.idiliapsicologia.com\/es\/wp-json\/wp\/v2\/pages\/28375","targetHints":{"allow":["GET"]}}],"collection":[{"href":"https:\/\/www.idiliapsicologia.com\/es\/wp-json\/wp\/v2\/pages"}],"about":[{"href":"https:\/\/www.idiliapsicologia.com\/es\/wp-json\/wp\/v2\/types\/page"}],"author":[{"embeddable":true,"href":"https:\/\/www.idiliapsicologia.com\/es\/wp-json\/wp\/v2\/users\/1"}],"replies":[{"embeddable":true,"href":"https:\/\/www.idiliapsicologia.com\/es\/wp-json\/wp\/v2\/comments?post=28375"}],"version-history":[{"count":4,"href":"https:\/\/www.idiliapsicologia.com\/es\/wp-json\/wp\/v2\/pages\/28375\/revisions"}],"predecessor-version":[{"id":28379,"href":"https:\/\/www.idiliapsicologia.com\/es\/wp-json\/wp\/v2\/pages\/28375\/revisions\/28379"}],"wp:attachment":[{"href":"https:\/\/www.idiliapsicologia.com\/es\/wp-json\/wp\/v2\/media?parent=28375"}],"curies":[{"name":"wp","href":"https:\/\/api.w.org\/{rel}","templated":true}]}}