{"id":28382,"date":"2026-02-26T11:55:39","date_gmt":"2026-02-26T09:55:39","guid":{"rendered":"https:\/\/www.idiliapsicologia.com\/avis-legal\/"},"modified":"2026-02-27T14:54:06","modified_gmt":"2026-02-27T12:54:06","slug":"aviso-legal","status":"publish","type":"page","link":"https:\/\/www.idiliapsicologia.com\/es\/aviso-legal\/","title":{"rendered":"Aviso legal"},"content":{"rendered":"\t\t<div data-elementor-type=\"wp-page\" data-elementor-id=\"28382\" class=\"elementor elementor-28382 elementor-28078\">\n\t\t\t\t\t\t<section class=\"elementor-section elementor-top-section elementor-element elementor-element-9eb5bc3 scheme_light sc_layouts_hide_on_mobile elementor-section-boxed elementor-section-height-default elementor-section-height-default sc_fly_static\" data-id=\"9eb5bc3\" data-element_type=\"section\" data-e-type=\"section\" data-settings=\"{&quot;background_background&quot;:&quot;classic&quot;}\">\n\t\t\t\t\t\t<div class=\"elementor-container elementor-column-gap-extended\">\n\t\t\t\t\t<div class=\"elementor-column elementor-col-100 elementor-top-column elementor-element elementor-element-029c328 sc_content_align_inherit sc_layouts_column_icons_position_left sc_fly_static\" data-id=\"029c328\" data-element_type=\"column\" data-e-type=\"column\">\n\t\t\t<div class=\"elementor-widget-wrap elementor-element-populated\">\n\t\t\t\t\t\t<div class=\"elementor-element elementor-element-4269c91 sc_height_huge sc_fly_static elementor-widget elementor-widget-spacer\" data-id=\"4269c91\" data-element_type=\"widget\" data-e-type=\"widget\" data-widget_type=\"spacer.default\">\n\t\t\t\t<div class=\"elementor-widget-container\">\n\t\t\t\t\t\t\t<div class=\"elementor-spacer\">\n\t\t\t<div class=\"elementor-spacer-inner\"><\/div>\n\t\t<\/div>\n\t\t\t\t\t\t<\/div>\n\t\t\t\t<\/div>\n\t\t\t\t<div class=\"elementor-element elementor-element-9272806 sc_fly_static elementor-widget elementor-widget-spacer\" data-id=\"9272806\" data-element_type=\"widget\" data-e-type=\"widget\" data-widget_type=\"spacer.default\">\n\t\t\t\t<div class=\"elementor-widget-container\">\n\t\t\t\t\t\t\t<div class=\"elementor-spacer\">\n\t\t\t<div class=\"elementor-spacer-inner\"><\/div>\n\t\t<\/div>\n\t\t\t\t\t\t<\/div>\n\t\t\t\t<\/div>\n\t\t\t\t\t<\/div>\n\t\t<\/div>\n\t\t\t\t\t<\/div>\n\t\t<\/section>\n\t\t\t\t<section class=\"elementor-section elementor-top-section elementor-element elementor-element-1363b897 elementor-section-full_width elementor-section-content-middle scheme_light elementor-section-height-default elementor-section-height-default sc_fly_static\" data-id=\"1363b897\" data-element_type=\"section\" data-e-type=\"section\" data-settings=\"{&quot;background_background&quot;:&quot;classic&quot;}\">\n\t\t\t\t\t\t<div class=\"elementor-container elementor-column-gap-no\">\n\t\t\t\t\t<div class=\"elementor-column elementor-col-100 elementor-top-column elementor-element elementor-element-61f6a251 sc_inner_width_1_1 sc-mobile_inner_width_none sc_content_align_inherit sc_layouts_column_icons_position_left sc_fly_static\" data-id=\"61f6a251\" data-element_type=\"column\" data-e-type=\"column\">\n\t\t\t<div class=\"elementor-widget-wrap elementor-element-populated\">\n\t\t\t\t\t\t<div class=\"elementor-element elementor-element-4c053dd sc_layouts_hide_on_wide sc_layouts_hide_on_desktop sc_layouts_hide_on_notebook sc_layouts_hide_on_tablet sc_fly_static elementor-widget elementor-widget-spacer\" data-id=\"4c053dd\" data-element_type=\"widget\" data-e-type=\"widget\" data-widget_type=\"spacer.default\">\n\t\t\t\t<div class=\"elementor-widget-container\">\n\t\t\t\t\t\t\t<div class=\"elementor-spacer\">\n\t\t\t<div class=\"elementor-spacer-inner\"><\/div>\n\t\t<\/div>\n\t\t\t\t\t\t<\/div>\n\t\t\t\t<\/div>\n\t\t\t\t<div class=\"elementor-element elementor-element-4f8b7e44 sc_fly_static elementor-widget elementor-widget-spacer\" data-id=\"4f8b7e44\" data-element_type=\"widget\" data-e-type=\"widget\" data-widget_type=\"spacer.default\">\n\t\t\t\t<div class=\"elementor-widget-container\">\n\t\t\t\t\t\t\t<div class=\"elementor-spacer\">\n\t\t\t<div class=\"elementor-spacer-inner\"><\/div>\n\t\t<\/div>\n\t\t\t\t\t\t<\/div>\n\t\t\t\t<\/div>\n\t\t\t\t<div class=\"elementor-element elementor-element-5168e47a sc_fly_static elementor-widget elementor-widget-text-editor\" data-id=\"5168e47a\" data-element_type=\"widget\" data-e-type=\"widget\" data-widget_type=\"text-editor.default\">\n\t\t\t\t<div class=\"elementor-widget-container\">\n\t\t\t\t\t\t\t\t\t<p style=\"margin-right: 0px; margin-left: 0px; padding: 0px; border: 0px; font-style: normal; font-variant-numeric: inherit; font-variant-east-asian: inherit; font-variant-alternates: inherit; font-variant-position: inherit; font-variant-emoji: inherit; font-weight: 400; font-stretch: inherit; font-size: 16px; line-height: inherit; font-family: Archivo, -apple-system, BlinkMacSystemFont, 'Segoe UI', Poppins, 'Helvetica Neue', Arial, 'Noto Sans', sans-serif, 'Apple Color Emoji', 'Segoe UI Emoji', 'Segoe UI Symbol', 'Noto Color Emoji'; font-optical-sizing: inherit; font-size-adjust: inherit; font-kerning: inherit; font-feature-settings: inherit; font-variation-settings: inherit; font-language-override: inherit; vertical-align: baseline; color: #858585;\"><span style=\"margin: 0px; padding: 0px; border: 0px; font-variant: inherit; font-weight: 600; font-stretch: inherit; font-size: inherit; font-optical-sizing: inherit; font-size-adjust: inherit; font-kerning: inherit; font-feature-settings: inherit; font-variation-settings: inherit; font-language-override: inherit; vertical-align: baseline;\">TITULAR DE LA WEB<\/span><\/p><p style=\"margin-top: 0px; margin-right: 0px; margin-left: 0px; padding: 0px; border: 0px; font-style: normal; font-variant-numeric: inherit; font-variant-east-asian: inherit; font-variant-alternates: inherit; font-variant-position: inherit; font-variant-emoji: inherit; font-weight: 400; font-stretch: inherit; font-size: 16px; line-height: inherit; font-family: Archivo, -apple-system, BlinkMacSystemFont, 'Segoe UI', Poppins, 'Helvetica Neue', Arial, 'Noto Sans', sans-serif, 'Apple Color Emoji', 'Segoe UI Emoji', 'Segoe UI Symbol', 'Noto Color Emoji'; font-optical-sizing: inherit; font-size-adjust: inherit; font-kerning: inherit; font-feature-settings: inherit; font-variation-settings: inherit; font-language-override: inherit; vertical-align: baseline; color: #858585;\">En cumplimiento del deber de informar recogido en art\u00edculo 10 de la Ley 34\/2002, de 11 de julio, de Servicios de la Sociedad de la Informaci\u00f3n y del Comercio Electr\u00f3nico, a continuaci\u00f3n se reflejan los siguientes datos:<\/p><p style=\"margin-top: 0px; margin-right: 0px; margin-left: 0px; padding: 0px; border: 0px; font-style: normal; font-variant-numeric: inherit; font-variant-east-asian: inherit; font-variant-alternates: inherit; font-variant-position: inherit; font-variant-emoji: inherit; font-weight: 400; font-stretch: inherit; font-size: 16px; line-height: inherit; font-family: Archivo, -apple-system, BlinkMacSystemFont, 'Segoe UI', Poppins, 'Helvetica Neue', Arial, 'Noto Sans', sans-serif, 'Apple Color Emoji', 'Segoe UI Emoji', 'Segoe UI Symbol', 'Noto Color Emoji'; font-optical-sizing: inherit; font-size-adjust: inherit; font-kerning: inherit; font-feature-settings: inherit; font-variation-settings: inherit; font-language-override: inherit; vertical-align: baseline; color: #858585;\"><span style=\"margin: 0px; padding: 0px; border: 0px; font-variant: inherit; font-weight: 600; font-stretch: inherit; font-size: inherit; font-optical-sizing: inherit; font-size-adjust: inherit; font-kerning: inherit; font-feature-settings: inherit; font-variation-settings: inherit; font-language-override: inherit; vertical-align: baseline;\">Titular de esta web<\/span>: Mireia Manyoses Clop<br \/>N<span style=\"margin: 0px; padding: 0px; border: 0px; font-variant: inherit; font-weight: 600; font-stretch: inherit; font-size: inherit; font-optical-sizing: inherit; font-size-adjust: inherit; font-kerning: inherit; font-feature-settings: inherit; font-variation-settings: inherit; font-language-override: inherit; vertical-align: baseline;\">.I.F.<\/span>: 39408290K<br \/><span style=\"margin: 0px; padding: 0px; border: 0px; font-variant: inherit; font-weight: 600; font-stretch: inherit; font-size: inherit; font-optical-sizing: inherit; font-size-adjust: inherit; font-kerning: inherit; font-feature-settings: inherit; font-variation-settings: inherit; font-language-override: inherit; vertical-align: baseline;\">Domicilio<\/span>: Gran Via de les Corts Catalanes, 646, 1r 2a, Ensanche, 08010 Barcelona.<br \/><span style=\"margin: 0px; padding: 0px; border: 0px; font-variant: inherit; font-weight: 600; font-stretch: inherit; font-size: inherit; font-optical-sizing: inherit; font-size-adjust: inherit; font-kerning: inherit; font-feature-settings: inherit; font-variation-settings: inherit; font-language-override: inherit; vertical-align: baseline;\">Datos registrales<\/span>:<br \/><span style=\"margin: 0px; padding: 0px; border: 0px; font-variant: inherit; font-weight: 600; font-stretch: inherit; font-size: inherit; font-optical-sizing: inherit; font-size-adjust: inherit; font-kerning: inherit; font-feature-settings: inherit; font-variation-settings: inherit; font-language-override: inherit; vertical-align: baseline;\">Tel\u00e9fono<\/span>: 644 580 440<br \/><span style=\"margin: 0px; padding: 0px; border: 0px; font-variant: inherit; font-weight: 600; font-stretch: inherit; font-size: inherit; font-optical-sizing: inherit; font-size-adjust: inherit; font-kerning: inherit; font-feature-settings: inherit; font-variation-settings: inherit; font-language-override: inherit; vertical-align: baseline;\">Correo electr\u00f3nico<\/span>: idiliapsicologia@gmail.com<\/p><p><strong>OBJETO<\/strong><\/p><p>El responsable pone a disposici\u00f3n de los usuarios el presente documento con el que pretende dar cumplimiento de lo dispuesto en la normativa vigente en materia de protecci\u00f3n de datos, y en el contexto del nuevo marco normativo establecido en virtud del cual dispone el Reglamento (UE) 2016\/679 del Parlamento Europeo y del Consejo, de 27 de abril de 2016, relativo a la protecci\u00f3n de los en adelante, el \u00abRGPD\u00bb), y la normativa nacional Ley Org\u00e1nica de Protecci\u00f3n de Datos y Garant\u00eda de los Derechos Digitales (en adelante, el \u00abLOPDGDD\u00bb), as\u00ed como informar a todos los usuarios del sitio web respecto a cu\u00e1les son las condiciones de uso del mismo.<\/p><p>Toda persona que acceda a este sitio web asume el papel de usuario, comprometi\u00e9ndose a la observancia y riguroso cumplimiento de las disposiciones aqu\u00ed dispuestas, as\u00ed como a cualquier otra disposici\u00f3n legal aplicable.<\/p><p>El Responsable se reserva el derecho a modificar cualquier tipo de informaci\u00f3n publicada en el sitio web, sin que exista obligaci\u00f3n de preavisar o poner en conocimiento de los usuarios estas obligaciones, entendi\u00e9ndose como suficiente con la publicaci\u00f3n en el sitio web del Responsable.<\/p><p><strong>RESPONSABILIDAD<\/strong><\/p><p>El Responsable se exime de cualquier tipo de responsabilidad derivada de la informaci\u00f3n publicada en su sitio web que haya sido manipulada o introducida por un tercero ajeno al mismo.<\/p><p><strong>DIRECCIONES IP<\/strong><\/p><p>Los servidores del sitio web detectan de forma autom\u00e1tica la direcci\u00f3n IP y el nombre de dominio utilizados por el usuario.<\/p><p>Una direcci\u00f3n IP es un n\u00famero asignado autom\u00e1ticamente a un ordenador cuando \u00e9ste se conecta a Internet.\u00a0Toda esta informaci\u00f3n est\u00e1 registrada en un archivo de actividad del servidor, que permite el posterior procesamiento de los datos con el fin de obtener medidas \u00fanicamente estad\u00edsticas que permitan conocer el n\u00famero de impresiones de p\u00e1ginas, el n\u00famero de visitas realizadas a los servidores web, el orden de visitas, el punto de acceso, etc.<\/p><p><strong>POL\u00cdTICA DE ENLACES<\/strong><\/p><p>Desde el presente sitio web es posible que se redirija a contenidos de terceros sitios web.\u00a0Dado que El Responsable no puede controlar siempre los contenidos introducidos por los terceros en sus sitios web, \u00e9ste no asume ning\u00fan tipo de responsabilidad respecto a estos contenidos.\u00a0En todo caso, El Responsable manifiesta que proceder\u00e1 a la retirada inmediata de cualquier contenido que pudiera contravenir la legislaci\u00f3n nacional o internacional, la moral o el orden p\u00fablico, procediendo a la retirada inmediata de la redirecci\u00f3n a dicho sitio web, poniendo en conocimiento de las autoridades competentes el contenido en cuesti\u00f3n.<br \/>El Responsable no se hace responsable de la informaci\u00f3n y contenidos almacenados, a t\u00edtulo enunciativo pero no limitativo, en foros, chat, generadores de blogs, comentarios, redes sociales o cualquier otro medio que permita a terceros publicar contenidos de forma independiente en la p\u00e1gina web del Responsable.\u00a0Sin embargo y en cumplimiento de lo dispuesto en el art.\u00a011 y 16 de la LSSICE, El Responsable se pone a disposici\u00f3n de todos los usuarios, autoridades y fuerzas de seguridad, colaborando de forma activa en la retirada o en su caso bloqueo de todos aquellos contenidos que puedan afectar o contravenir a la legislaci\u00f3n nacional, o internacional, derechos de terceros o la moral y el orden p\u00fablico.\u00a0En caso de que el usuario considere que existe en el sitio web alg\u00fan contenido que pudiera ser susceptible de esta clasificaci\u00f3n, se ruega que lo haga saber de forma inmediata al administrador del sitio web.<\/p><p>Este sitio web ha sido revisado y probado para que funcione correctamente.\u00a0En principio, puede garantizarse su correcto funcionamiento los 365 d\u00edas del a\u00f1o, 24 horas al d\u00eda.\u00a0No obstante, El Responsable no descarta la posibilidad de que existan ciertos errores de programaci\u00f3n, o que se conviertan en causas de fuerza mayor, cat\u00e1strofes naturales, huelgas, o circunstancias similares que hagan imposible el acceso a la p\u00e1gina web.<\/p><p><strong>PROTECCI\u00d3N DE DATOS<\/strong><\/p><p>El Responsable cumple lo dispuesto en el Reglamento (UE) 2016\/679 del Parlamento Europeo y del Consejo, de 27 de abril de 2016, relativo a la protecci\u00f3n de las personas f\u00edsicas en cuanto al tratamiento de datos personales ya la libre circulaci\u00f3n de estos datos (RGPD), y la normativa nacional Ley Org\u00e1nica de Protecci\u00f3n de Datos y Garant\u00eda de los Derechos Digitales.<\/p><p>Asimismo, El Responsable informa que dar cumplimiento a la Ley 34\/2002 de 11 de julio, de Servicios de la Sociedad de la Informaci\u00f3n y el Comercio Electr\u00f3nico y le solicitar\u00e1 su consentimiento al tratamiento de sus datos con fines comerciales en cada momento.<\/p><p><strong>PROPIEDAD INTELECTUAL E INDUSTRIAL<\/strong><\/p><p>El sitio web, incluido el t\u00edtulo enunciativo pero no limitativo su programaci\u00f3n, edici\u00f3n, compilaci\u00f3n y otros elementos necesarios para su funcionamiento, los dise\u00f1os, logotipos, texto y\/o gr\u00e1ficos son propiedad del responsable o, en su caso, dispone de licencia o autorizaci\u00f3n expresa por parte de los autores.<\/p><p>Todos los contenidos del sitio web est\u00e1n debidamente protegidos por la normativa de propiedad intelectual e industrial.<\/p><p>Independientemente de la finalidad para la que fuesen destinados, la reproducci\u00f3n total o parcial, uso, explotaci\u00f3n, distribuci\u00f3n y comercializaci\u00f3n, requiere en todo caso de la autorizaci\u00f3n escrita previa por parte del responsable.\u00a0Cualquier uso no autorizado previamente por parte del responsable ser\u00e1 considerado un incumplimiento grave de los derechos de propiedad intelectual o industrial del autor.<\/p><p>Los dise\u00f1os, logotipos, texto y\/o gr\u00e1ficos ajenos al prestamista y que pudieran aparecer en el sitio web, pertenecen a sus respectivos propietarios, siendo ellos mismos responsables de cualquier posible controversia que pudiera suscitar respecto a \u00e9stos.\u00a0En todo caso, El Responsable cuenta con la autorizaci\u00f3n expresa y previa por parte de \u00e9stos.\u00a0El responsable autoriza expresamente a que terceros puedan redirigir directamente a los contenidos concretos del sitio web, y en cualquier caso redirigir a la p\u00e1gina principal del sitio web del responsable.<\/p><p>El Responsable reconoce a favor de sus titulares los correspondientes derechos de propiedad intelectual e industrial.\u00a0Que esta propiedad se mencione o aparezca en el sitio web no implica que el Responsable tenga ning\u00fan derecho ni responsabilidad, ni tampoco que apoye, la patrocinio o la recomiende.<\/p><p>Para todas aquellas im\u00e1genes en las que el software de dise\u00f1o lo permite, se han incluido las referencias correspondientes a la autor\u00eda y licencia correspondiente.<\/p><p>Para realizar cualquier tipo de observaci\u00f3n respecto a posibles incumplimientos de los derechos de propiedad intelectual o industrial, as\u00ed como sobre cualquiera de los contenidos del sitio web, puede hacerlo por escrito o indicado en el encabezamiento.<\/p>\t\t\t\t\t\t\t\t<\/div>\n\t\t\t\t<\/div>\n\t\t\t\t<div class=\"elementor-element elementor-element-52a84efc sc_height_huge sc_layouts_hide_on_mobile sc_fly_static elementor-widget elementor-widget-spacer\" data-id=\"52a84efc\" data-element_type=\"widget\" data-e-type=\"widget\" data-widget_type=\"spacer.default\">\n\t\t\t\t<div class=\"elementor-widget-container\">\n\t\t\t\t\t\t\t<div class=\"elementor-spacer\">\n\t\t\t<div class=\"elementor-spacer-inner\"><\/div>\n\t\t<\/div>\n\t\t\t\t\t\t<\/div>\n\t\t\t\t<\/div>\n\t\t\t\t\t<\/div>\n\t\t<\/div>\n\t\t\t\t\t<\/div>\n\t\t<\/section>\n\t\t\t\t<\/div>\n\t\t","protected":false},"excerpt":{"rendered":"<p>TITULAR DE LA WEB En cumplimiento del deber de informar recogido en art\u00edculo 10 de la Ley 34\/2002, de 11 de julio, de Servicios de la Sociedad de la Informaci\u00f3n&hellip;<\/p>\n","protected":false},"author":1,"featured_media":0,"parent":0,"menu_order":6,"comment_status":"closed","ping_status":"closed","template":"","meta":{"footnotes":""},"class_list":["post-28382","page","type-page","status-publish","hentry"],"aioseo_notices":[],"_links":{"self":[{"href":"https:\/\/www.idiliapsicologia.com\/es\/wp-json\/wp\/v2\/pages\/28382","targetHints":{"allow":["GET"]}}],"collection":[{"href":"https:\/\/www.idiliapsicologia.com\/es\/wp-json\/wp\/v2\/pages"}],"about":[{"href":"https:\/\/www.idiliapsicologia.com\/es\/wp-json\/wp\/v2\/types\/page"}],"author":[{"embeddable":true,"href":"https:\/\/www.idiliapsicologia.com\/es\/wp-json\/wp\/v2\/users\/1"}],"replies":[{"embeddable":true,"href":"https:\/\/www.idiliapsicologia.com\/es\/wp-json\/wp\/v2\/comments?post=28382"}],"version-history":[{"count":4,"href":"https:\/\/www.idiliapsicologia.com\/es\/wp-json\/wp\/v2\/pages\/28382\/revisions"}],"predecessor-version":[{"id":28386,"href":"https:\/\/www.idiliapsicologia.com\/es\/wp-json\/wp\/v2\/pages\/28382\/revisions\/28386"}],"wp:attachment":[{"href":"https:\/\/www.idiliapsicologia.com\/es\/wp-json\/wp\/v2\/media?parent=28382"}],"curies":[{"name":"wp","href":"https:\/\/api.w.org\/{rel}","templated":true}]}}