{"id":28387,"date":"2026-02-26T11:59:42","date_gmt":"2026-02-26T09:59:42","guid":{"rendered":"https:\/\/www.idiliapsicologia.com\/politica-de-privacitat\/"},"modified":"2026-02-27T14:57:20","modified_gmt":"2026-02-27T12:57:20","slug":"politica-de-privacidad","status":"publish","type":"page","link":"https:\/\/www.idiliapsicologia.com\/es\/politica-de-privacidad\/","title":{"rendered":"Pol\u00edtica de privacidad"},"content":{"rendered":"\t\t<div data-elementor-type=\"wp-page\" data-elementor-id=\"28387\" class=\"elementor elementor-28387 elementor-28086\">\n\t\t\t\t\t\t<section class=\"elementor-section elementor-top-section elementor-element elementor-element-9eb5bc3 scheme_light sc_layouts_hide_on_mobile elementor-section-boxed elementor-section-height-default elementor-section-height-default sc_fly_static\" data-id=\"9eb5bc3\" data-element_type=\"section\" data-e-type=\"section\" data-settings=\"{&quot;background_background&quot;:&quot;classic&quot;}\">\n\t\t\t\t\t\t<div class=\"elementor-container elementor-column-gap-extended\">\n\t\t\t\t\t<div class=\"elementor-column elementor-col-100 elementor-top-column elementor-element elementor-element-029c328 sc_content_align_inherit sc_layouts_column_icons_position_left sc_fly_static\" data-id=\"029c328\" data-element_type=\"column\" data-e-type=\"column\">\n\t\t\t<div class=\"elementor-widget-wrap elementor-element-populated\">\n\t\t\t\t\t\t<div class=\"elementor-element elementor-element-4269c91 sc_height_huge sc_fly_static elementor-widget elementor-widget-spacer\" data-id=\"4269c91\" data-element_type=\"widget\" data-e-type=\"widget\" data-widget_type=\"spacer.default\">\n\t\t\t\t<div class=\"elementor-widget-container\">\n\t\t\t\t\t\t\t<div class=\"elementor-spacer\">\n\t\t\t<div class=\"elementor-spacer-inner\"><\/div>\n\t\t<\/div>\n\t\t\t\t\t\t<\/div>\n\t\t\t\t<\/div>\n\t\t\t\t<div class=\"elementor-element elementor-element-9272806 sc_fly_static elementor-widget elementor-widget-spacer\" data-id=\"9272806\" data-element_type=\"widget\" data-e-type=\"widget\" data-widget_type=\"spacer.default\">\n\t\t\t\t<div class=\"elementor-widget-container\">\n\t\t\t\t\t\t\t<div class=\"elementor-spacer\">\n\t\t\t<div class=\"elementor-spacer-inner\"><\/div>\n\t\t<\/div>\n\t\t\t\t\t\t<\/div>\n\t\t\t\t<\/div>\n\t\t\t\t\t<\/div>\n\t\t<\/div>\n\t\t\t\t\t<\/div>\n\t\t<\/section>\n\t\t\t\t<section class=\"elementor-section elementor-top-section elementor-element elementor-element-1363b897 elementor-section-full_width elementor-section-content-middle scheme_light elementor-section-height-default elementor-section-height-default sc_fly_static\" data-id=\"1363b897\" data-element_type=\"section\" data-e-type=\"section\" data-settings=\"{&quot;background_background&quot;:&quot;classic&quot;}\">\n\t\t\t\t\t\t<div class=\"elementor-container elementor-column-gap-no\">\n\t\t\t\t\t<div class=\"elementor-column elementor-col-100 elementor-top-column elementor-element elementor-element-61f6a251 sc_inner_width_1_1 sc-mobile_inner_width_none sc_content_align_inherit sc_layouts_column_icons_position_left sc_fly_static\" data-id=\"61f6a251\" data-element_type=\"column\" data-e-type=\"column\">\n\t\t\t<div class=\"elementor-widget-wrap elementor-element-populated\">\n\t\t\t\t\t\t<div class=\"elementor-element elementor-element-4c053dd sc_layouts_hide_on_wide sc_layouts_hide_on_desktop sc_layouts_hide_on_notebook sc_layouts_hide_on_tablet sc_fly_static elementor-widget elementor-widget-spacer\" data-id=\"4c053dd\" data-element_type=\"widget\" data-e-type=\"widget\" data-widget_type=\"spacer.default\">\n\t\t\t\t<div class=\"elementor-widget-container\">\n\t\t\t\t\t\t\t<div class=\"elementor-spacer\">\n\t\t\t<div class=\"elementor-spacer-inner\"><\/div>\n\t\t<\/div>\n\t\t\t\t\t\t<\/div>\n\t\t\t\t<\/div>\n\t\t\t\t<div class=\"elementor-element elementor-element-4f8b7e44 sc_fly_static elementor-widget elementor-widget-spacer\" data-id=\"4f8b7e44\" data-element_type=\"widget\" data-e-type=\"widget\" data-widget_type=\"spacer.default\">\n\t\t\t\t<div class=\"elementor-widget-container\">\n\t\t\t\t\t\t\t<div class=\"elementor-spacer\">\n\t\t\t<div class=\"elementor-spacer-inner\"><\/div>\n\t\t<\/div>\n\t\t\t\t\t\t<\/div>\n\t\t\t\t<\/div>\n\t\t\t\t<div class=\"elementor-element elementor-element-5168e47a sc_fly_static elementor-widget elementor-widget-text-editor\" data-id=\"5168e47a\" data-element_type=\"widget\" data-e-type=\"widget\" data-widget_type=\"text-editor.default\">\n\t\t\t\t<div class=\"elementor-widget-container\">\n\t\t\t\t\t\t\t\t\t<p>Idilia Psicologia, informa a los usuarios del sitio web sobre su pol\u00edtica respecto al tratamiento y protecci\u00f3n de los datos de car\u00e1cter personal de los usuarios y clientes.<\/p><p>Y garantiza en todo momento el \u00edntegro y pleno cumplimiento de las obligaciones dispuestas por la normativa de protecci\u00f3n de datos y servicios de la sociedad de la informaci\u00f3n: Reglamento (UE) 2016\/679 del Parlamento Europeo y del Consejo, de 27 de abril de 2016, relativo a la protecci\u00f3n de las personas f\u00edsicas en cuanto al tratamiento de datos personales 5 de diciembre, de Protecci\u00f3n de Datos Personales y garant\u00eda de los derechos digitales (LOPDGDD) y la Ley 34\/2002, de 11 de julio, de Servicios de la Sociedad de la Informaci\u00f3n y del Comercio Electr\u00f3nico (LSSIce).<\/p><p><strong>RESPONSABLE DEL TRATAMIENTO<br \/><\/strong>MIREIA MANYOSES CLOP<br \/>N.I.F.: 39408290K<br \/>Domicilio: Gran Via de les Corts Catalanes, 646, 1r 2a, Ensanche, 08010 Barcelona<br \/>Datos registrales:<br \/>Tel\u00e9fono: 644 580 440<br \/>Correo electr\u00f3nico: idiliapsicologia@gmail.com<\/p><p><strong>FINALIDADES DEL TRATAMIENTO DE LOS DATOS<\/strong><\/p><p>Los datos facilitados por el Usuario son utilizados para diversas finalidades que se enumeran a continuaci\u00f3n:<\/p><figure class=\"wp-block-table\"><table class=\"has-fixed-layout\"><tbody><tr><td><strong>Finalidad del tratamiento\u00a0 \u00a0 \u00a0 \u00a0 \u00a0 \u00a0 \u00a0 \u00a0 \u00a0 \u00a0 \u00a0\u00a0<\/strong><\/td><td><strong>Base jur\u00eddica para el tratamiento<\/strong><\/td><\/tr><tr><td>Gestionar las consultas o cualquier tipo de petici\u00f3n que se realice a trav\u00e9s de las formas de contacto que se ponen a disposici\u00f3n en la p\u00e1gina web.<\/td><td>Inter\u00e9s leg\u00edtimo de la Sociedad por atender los requerimientos de informaci\u00f3n a trav\u00e9s de la web.Consentimiento prestado de forma expresa en el momento de recogida de los datos a trav\u00e9s de los formularios web.<\/td><\/tr><tr><td>Env\u00edo de newsletters, comunicaciones comerciales y promociones.<\/td><td>Consentimiento prestado de forma expresa en el momento de recogida de los datos a trav\u00e9s de los formularios web.<\/td><\/tr><tr><td>Gestionar las incidencias y el mantenimiento de la web.<\/td><td>Inter\u00e9s leg\u00edtimo de la Sociedad.\u00a0<\/td><\/tr><\/tbody><\/table><\/figure><p><strong>PLAZO DE CONSERVACI\u00d3N DE LOS DATOS<\/strong><\/p><figure class=\"wp-block-table\"><table class=\"has-fixed-layout\"><tbody><tr><td><strong>Finalidad del tratamiento<\/strong><\/td><td><strong>Plazo de conservaci\u00f3n<\/strong><\/td><\/tr><tr><td>Gestionar las consultas o cualquier tipo de petici\u00f3n que se realice a trav\u00e9s de las formas de contacto que se ponen a disposici\u00f3n en la p\u00e1gina web.<\/td><td>Trataremos tus datos durante el tiempo que sea necesario para atender a tu solicitud o petici\u00f3n.<\/td><\/tr><tr><td>Env\u00edo de newsletters, comunicaciones comerciales y promociones.<\/td><td>Trataremos tus datos hasta que te des de baja.<\/td><\/tr><tr><td>Gestionar las incidencias y el mantenimiento de la web.<\/td><td>Trataremos sus datos durante el tiempo necesario para cumplir los plazos legales de prescripci\u00f3n que le resulten de aplicaci\u00f3n.<\/td><\/tr><\/tbody><\/table><\/figure><p><strong>DESTINATARIOS DE LOS DATOS<\/strong><\/p><p>Para cumplir las finalidades indicadas en la presente Pol\u00edtica de Privacidad, es necesario que demos acceso a tus datos personales a terceras partes que nos apoyen en los servicios que te ofrecemos (Encargados de Tratamiento).<\/p><p>Los encargados de tratamiento, para la ejecuci\u00f3n de un contrato o prestaci\u00f3n de un servicio al Responsable, deben seguir sus instrucciones y asegurando los mismos niveles de seguridad.<\/p><p><strong>DERECHOS DE LOS USUARIOS<\/strong><\/p><p>El usuario tiene derecho a:<\/p><ul class=\"wp-block-list\"><li>Solicitar el acceso a sus datos personales que se est\u00e1n tratando y recibir esta informaci\u00f3n por escrito por el medio solicitado.<\/li><li>Solicitar la rectificaci\u00f3n de los datos personales inexactos o, en su caso, solicitar su supresi\u00f3n cuando, entre otros motivos, los datos ya no sean necesarios para la finalidad por la que fueron recogidos.<\/li><li>Solicitar la limitaci\u00f3n del tratamiento de sus datos.<\/li><li>Oponerse al tratamiento de sus datos personales cuando proceda, en cuyo caso se dejar\u00e1n de tratar sus datos salvo por motivos leg\u00edtimos.<\/li><li>Derecho a la portabilidad de los datos.\u00a0El interesado\/interesada tiene derecho a recibir los datos personales si han sido facilitados en un formato estructurado, de uso com\u00fan y de lectura mec\u00e1nica, y a transmitirlos a otro responsable, si se cumplen los siguientes requisitos:<\/li><\/ul><ol class=\"wp-block-list\"><li>El tratamiento se basa en el consentimiento o contrato.<\/li><li>El tratamiento se realiza por medios automatizados.<\/li><\/ol><ul class=\"wp-block-list\"><li>Derecho a retirar el consentimiento prestado.<\/li><li>Derecho a reclamar ante la Agencia Espa\u00f1ola de Protecci\u00f3n de Datos.<\/li><\/ul><p>El Usuario puede ejercitar los derechos anteriormente indicados en la direcci\u00f3n de correo postal o electr\u00f3nica del Responsable, acreditando su identidad con copia escaneada de su DNI o documento equivalente, y especificando el derecho que desea ejercer.<\/p><p><strong>PROCEDENCIA DE LOS DATOS<\/strong><\/p><p>Los datos personales deben ser facilitados por el propio interesado de forma absolutamente voluntaria.\u00a0La falta de algunos datos o la no respuesta de preguntas que puedan formularse a la persona interesada en los procesos de registro oa trav\u00e9s de formularios electr\u00f3nicos, puede provocar la imposibilidad de acceso a determinados servicios para cuya prestaci\u00f3n es imprescindible disponer de estos datos de car\u00e1cter personal.\u00a0En este caso, el Responsable del Tratamiento debe informar del car\u00e1cter obligatorio o necesario de facilitar los datos personales para el funcionamiento del servicio.<\/p><p>El Responsable asegura la confidencialidad de sus datos personales y garantiza la seguridad de \u00e9stos, adoptando las medidas necesarias para evitar su alteraci\u00f3n, p\u00e9rdida, tratamiento o acceso no autorizado.<\/p><p><strong>INFORMACI\u00d3N FACILITADA POR EL INTERESADO\/INTERESADA<\/strong><\/p><p>Los y las menores de 18 a\u00f1os no pueden ceder sus datos personales sin el previo consentimiento de su padre\/madre y\/o tutores legales.\u00a0El interesado\/interesada introduciendo sus datos en los formularios de contacto o presentados en formularios de descarga, aceptan expresamente y de forma libre e inequ\u00edvoca que sus datos son necesarios para que el Responsable atienda a su petici\u00f3n, siendo voluntaria la inclusi\u00f3n de datos en los campos restantes.\u00a0El interesado\/interesada garantiza que los datos personales facilitados al prestamista son veraces y se hace responsable de comunicar cualquier modificaci\u00f3n de los mismos.\u00a0Todos los datos solicitados a trav\u00e9s del sitio web son necesarios para la prestaci\u00f3n de un servicio \u00f3ptimo al interesado\/interesada.\u00a0En caso de que no sean facilitados todos los datos, no se garantiza que la informaci\u00f3n y servicios que el responsable le facilite, sean completamente ajustados a sus necesidades.<\/p><p><strong>MEDIDAS DE SEGURIDAD<\/strong><\/p><p>Que de conformidad con lo que disponen las normativas vigentes en materia de protecci\u00f3n de datos personales, El Responsable est\u00e1 cumpliendo con todas las disposiciones de las normativas RGPD y LOPDGDD para el tratamiento de los datos personales de su responsabilidad, y manifiestamente con los principios descritos en el art\u00edculo 5 del RGPD y en el art\u00edculo 4 de la LOPDG , pertinentes y limitados a lo necesario en relaci\u00f3n con los fines para los que son tratados.\u00a0El responsable garantiza que ha implementado pol\u00edticas t\u00e9cnicas y organizativas apropiadas para aplicar las medidas de seguridad que establecen el RGPD y la LOPDGDD para proteger los derechos y libertades del interesado\/interesada y les ha comunicado la informaci\u00f3n adecuada para que puedan ejercerlos.<\/p><p><strong>BRECHAS DE SEGURIDAD<\/strong><\/p><p>El Responsable informar\u00e1 sobre cualquier brecha de seguridad que afecte a la base de datos que utiliza este sitio web, o que afecte a cualquiera de nuestros servicios de terceros, a todas y cada una de las personas, datos de los que puedan haber sido afectados, y autoridades, dentro de las 72 horas siguientes a la detecci\u00f3n de la brecha.<\/p><p><strong>LEGISLACI\u00d3N APLICABLE Y JURISDICCI\u00d3N<\/strong><\/p><p>Se reserva la facultad de presentar las acciones civiles o penales que considere necesarias para la utilizaci\u00f3n indebida del Sitio Web y Contenidos.<\/p><p>La relaci\u00f3n entre el Usuario y el Responsable se regir\u00e1 por la normativa vigente y de aplicaci\u00f3n en territorio espa\u00f1ol.\u00a0En caso de surgir cualquier controversia en relaci\u00f3n con la interpretaci\u00f3n y\/o aplicaci\u00f3n, las partes someter\u00e1n sus conflictos a la jurisdicci\u00f3n ordinaria someti\u00e9ndose a los jueces y tribunales que correspondan conforme a derecho.<\/p>\t\t\t\t\t\t\t\t<\/div>\n\t\t\t\t<\/div>\n\t\t\t\t<div class=\"elementor-element elementor-element-52a84efc sc_height_huge sc_layouts_hide_on_mobile sc_fly_static elementor-widget elementor-widget-spacer\" data-id=\"52a84efc\" data-element_type=\"widget\" data-e-type=\"widget\" data-widget_type=\"spacer.default\">\n\t\t\t\t<div class=\"elementor-widget-container\">\n\t\t\t\t\t\t\t<div class=\"elementor-spacer\">\n\t\t\t<div class=\"elementor-spacer-inner\"><\/div>\n\t\t<\/div>\n\t\t\t\t\t\t<\/div>\n\t\t\t\t<\/div>\n\t\t\t\t\t<\/div>\n\t\t<\/div>\n\t\t\t\t\t<\/div>\n\t\t<\/section>\n\t\t\t\t<\/div>\n\t\t","protected":false},"excerpt":{"rendered":"<p>Idilia Psicologia, informa a los usuarios del sitio web sobre su pol\u00edtica respecto al tratamiento y protecci\u00f3n de los datos de car\u00e1cter personal de los usuarios y clientes. Y garantiza&hellip;<\/p>\n","protected":false},"author":1,"featured_media":0,"parent":0,"menu_order":7,"comment_status":"closed","ping_status":"closed","template":"","meta":{"footnotes":""},"class_list":["post-28387","page","type-page","status-publish","hentry"],"aioseo_notices":[],"_links":{"self":[{"href":"https:\/\/www.idiliapsicologia.com\/es\/wp-json\/wp\/v2\/pages\/28387","targetHints":{"allow":["GET"]}}],"collection":[{"href":"https:\/\/www.idiliapsicologia.com\/es\/wp-json\/wp\/v2\/pages"}],"about":[{"href":"https:\/\/www.idiliapsicologia.com\/es\/wp-json\/wp\/v2\/types\/page"}],"author":[{"embeddable":true,"href":"https:\/\/www.idiliapsicologia.com\/es\/wp-json\/wp\/v2\/users\/1"}],"replies":[{"embeddable":true,"href":"https:\/\/www.idiliapsicologia.com\/es\/wp-json\/wp\/v2\/comments?post=28387"}],"version-history":[{"count":4,"href":"https:\/\/www.idiliapsicologia.com\/es\/wp-json\/wp\/v2\/pages\/28387\/revisions"}],"predecessor-version":[{"id":28391,"href":"https:\/\/www.idiliapsicologia.com\/es\/wp-json\/wp\/v2\/pages\/28387\/revisions\/28391"}],"wp:attachment":[{"href":"https:\/\/www.idiliapsicologia.com\/es\/wp-json\/wp\/v2\/media?parent=28387"}],"curies":[{"name":"wp","href":"https:\/\/api.w.org\/{rel}","templated":true}]}}